{"id":1680,"date":"2018-07-13T01:29:00","date_gmt":"2018-07-13T01:29:00","guid":{"rendered":"http:\/\/vibedi.com\/?post_type=product&#038;p=1680"},"modified":"2018-07-13T01:29:00","modified_gmt":"2018-07-13T01:29:00","slug":"diadema-jabra-motion-office","status":"publish","type":"product","link":"https:\/\/vibedi.com\/corp\/producto\/diadema-jabra-motion-office\/","title":{"rendered":"DIADEMA JABRA MOTION OFFICE"},"content":{"rendered":"","protected":false},"excerpt":{"rendered":"<p>Conecta a un softphone, tablet o tel\u00e9fono m\u00f3vil.<br \/>\nToque la pantalla para un c\u00f3modo control de llamada.<br \/>\nCarga e intercambio de escritorios.<br \/>\nSonido superior con audio HD\/banda ancha.<br \/>\nTransmita m\u00fasica, podcast y direcciones de gps con A2DP.<br \/>\nMicr\u00f3fono con tecnolog\u00eda de Cancelaci\u00f3n de ruido, filtra el ruido de fondo.<br \/>\nProtecci\u00f3n auditiva superior con Jabra SafeTone.<br \/>\nHasta 7hrs de tiempo de conversaci\u00f3n y 15 d\u00edas en stand-by.<br \/>\nAltavoz ajustable y giratorio para un ajuste personalizado.<br \/>\nProtecci\u00f3n contra ruido del viento, para llamadas claras al aire libre.<br \/>\nHasta 100 metros\/300 pies de comunicacio?n manos libres para Softphone de VoIP.<br \/>\nAdaptador USB que permite la integracio?n de comunicaciones unificadas.<br \/>\nFunda blanda incluida.<\/p>\n<div id=\"jp-relatedposts\" class=\"jp-relatedposts\"><\/div>\n","protected":false},"featured_media":1681,"comment_status":"open","ping_status":"closed","template":"","meta":{"jetpack_post_was_ever_published":false,"jetpack_publicize_message":"","jetpack_publicize_feature_enabled":true,"jetpack_social_post_already_shared":true,"jetpack_social_options":{"image_generator_settings":{"template":"highway","enabled":false},"version":2}},"product_brand":[],"product_cat":[41,40],"product_tag":[],"class_list":{"0":"post-1680","1":"product","2":"type-product","3":"status-publish","4":"has-post-thumbnail","6":"product_cat-diadema-call-center","7":"product_cat-jabra","9":"first","10":"instock","11":"shipping-taxable","12":"purchasable","13":"product-type-simple"},"jetpack_publicize_connections":[],"jetpack_sharing_enabled":true,"_links":{"self":[{"href":"https:\/\/vibedi.com\/corp\/wp-json\/wp\/v2\/product\/1680","targetHints":{"allow":["GET"]}}],"collection":[{"href":"https:\/\/vibedi.com\/corp\/wp-json\/wp\/v2\/product"}],"about":[{"href":"https:\/\/vibedi.com\/corp\/wp-json\/wp\/v2\/types\/product"}],"replies":[{"embeddable":true,"href":"https:\/\/vibedi.com\/corp\/wp-json\/wp\/v2\/comments?post=1680"}],"wp:featuredmedia":[{"embeddable":true,"href":"https:\/\/vibedi.com\/corp\/wp-json\/wp\/v2\/media\/1681"}],"wp:attachment":[{"href":"https:\/\/vibedi.com\/corp\/wp-json\/wp\/v2\/media?parent=1680"}],"wp:term":[{"taxonomy":"product_brand","embeddable":true,"href":"https:\/\/vibedi.com\/corp\/wp-json\/wp\/v2\/product_brand?post=1680"},{"taxonomy":"product_cat","embeddable":true,"href":"https:\/\/vibedi.com\/corp\/wp-json\/wp\/v2\/product_cat?post=1680"},{"taxonomy":"product_tag","embeddable":true,"href":"https:\/\/vibedi.com\/corp\/wp-json\/wp\/v2\/product_tag?post=1680"}],"curies":[{"name":"wp","href":"https:\/\/api.w.org\/{rel}","templated":true}]}}